{"id":4715,"date":"2025-06-26T13:23:21","date_gmt":"2025-06-26T13:23:21","guid":{"rendered":"https:\/\/songsforights.org\/?page_id=4715"},"modified":"2025-07-03T13:51:42","modified_gmt":"2025-07-03T13:51:42","slug":"team-jam","status":"publish","type":"page","link":"https:\/\/songsforights.org\/de\/team-jam\/","title":{"rendered":"Team Jam"},"content":{"rendered":"<div class=\"vc_row wpb_row vc_row-fluid\"><div class=\"wpb_column vc_column_container vc_col-sm-3\"><div class=\"vc_column-inner\"><div class=\"wpb_wrapper\">\n\t<div  class=\"wpb_single_image wpb_content_element vc_align_left\">\n\t\t\n\t\t<figure class=\"wpb_wrapper vc_figure\">\n\t\t\t<div class=\"vc_single_image-wrapper   vc_box_border_grey\"><img loading=\"lazy\" decoding=\"async\" width=\"480\" height=\"244\" src=\"https:\/\/songsforights.org\/wp-content\/uploads\/2025\/06\/TEAM-JAM-Logo_white-480x244.png\" class=\"vc_single_image-img attachment-medium\" alt=\"TEAM JAM Logo\" srcset=\"https:\/\/songsforights.org\/wp-content\/uploads\/2025\/06\/TEAM-JAM-Logo_white-480x244.png 480w, https:\/\/songsforights.org\/wp-content\/uploads\/2025\/06\/TEAM-JAM-Logo_white-768x391.png 768w, https:\/\/songsforights.org\/wp-content\/uploads\/2025\/06\/TEAM-JAM-Logo_white-18x9.png 18w, https:\/\/songsforights.org\/wp-content\/uploads\/2025\/06\/TEAM-JAM-Logo_white.png 965w\" sizes=\"auto, (max-width: 480px) 100vw, 480px\" \/><\/div>\n\t\t<\/figure>\n\t<\/div>\n\n\t<div  class=\"wpb_single_image wpb_content_element vc_align_left\">\n\t\t\n\t\t<figure class=\"wpb_wrapper vc_figure\">\n\t\t\t<div class=\"vc_single_image-wrapper   vc_box_border_grey\"><img loading=\"lazy\" decoding=\"async\" width=\"873\" height=\"1380\" src=\"https:\/\/songsforights.org\/wp-content\/uploads\/2025\/06\/TEAM-JAM-Presentation-hell-EN-1.png\" class=\"vc_single_image-img attachment-full\" alt=\"Unleash the Power of Music and find your teams sound\" srcset=\"https:\/\/songsforights.org\/wp-content\/uploads\/2025\/06\/TEAM-JAM-Presentation-hell-EN-1.png 873w, https:\/\/songsforights.org\/wp-content\/uploads\/2025\/06\/TEAM-JAM-Presentation-hell-EN-1-304x480.png 304w, https:\/\/songsforights.org\/wp-content\/uploads\/2025\/06\/TEAM-JAM-Presentation-hell-EN-1-759x1200.png 759w, https:\/\/songsforights.org\/wp-content\/uploads\/2025\/06\/TEAM-JAM-Presentation-hell-EN-1-768x1214.png 768w, https:\/\/songsforights.org\/wp-content\/uploads\/2025\/06\/TEAM-JAM-Presentation-hell-EN-1-8x12.png 8w, https:\/\/songsforights.org\/wp-content\/uploads\/2025\/06\/TEAM-JAM-Presentation-hell-EN-1-683x1080.png 683w\" sizes=\"auto, (max-width: 873px) 100vw, 873px\" \/><\/div>\n\t\t<\/figure>\n\t<\/div>\n<\/div><\/div><\/div><div class=\"wpb_column vc_column_container vc_col-sm-9\"><div class=\"vc_column-inner\"><div class=\"wpb_wrapper\">\n\t<div class=\"wpb_text_column wpb_content_element\" >\n\t\t<div class=\"wpb_wrapper\">\n\t\t\t<h3><span style=\"color: #2e5fa3;\">The Team Jam \u2013 Wo Teams ihren eigenen Sound finden<\/span><\/h3>\n<p>M\u00fcde von typischen Teamevents, die schon am n\u00e4chsten Tag vergessen sind? The Team Jam verwandelt Teambuilding in etwas Sinnvolles, Kreatives und Bleibendes: einen Song, der die Werte, Kultur und Vision eures Teams widerspiegelt.<\/p>\n<p>Egal, ob ihr in einem Unternehmen, einer NGO, Universit\u00e4t oder \u00f6ffentlichen Institution arbeitet \u2013 The Team Jam ist darauf ausgelegt, euer Team kraftvoll und inklusiv zu begeistern und zu motivieren. Gemeinsam mit professionellen Musikerinnen und Facilitatorinnen schreibt und nehmt ihr einen eigenen Song auf, der zeigt, wer ihr seid und wof\u00fcr ihr steht.<\/p>\n<p>Musikalische Vorkenntnisse sind nicht n\u00f6tig \u2013 nur Offenheit, Neugier und die Lust, gemeinsam kreativ zu werden.<\/p>\n<p><span style=\"color: #2e5fa3;\"><strong>Warum The Team Jam?<\/strong><\/span><\/p>\n<ul>\n<li class=\"translation-block\">Inklusiv &amp; zug\u00e4nglich: Keine Instrumente oder Gesangserfahrung n\u00f6tig \u2013 jede*r kann mitmachen<\/li>\n<li class=\"translation-block\">Zweckorientiert: Das Team reflektiert pers\u00f6nliche und organisationale Werte oder entwickelt gemeinsam eine Mission<\/li>\n<li class=\"translation-block\">Professionelle Ergebnisse: Ihr erhaltet einen professionell gemischten und gemasterten Song \u2013 optional mit Musikvideo<\/li>\n<li class=\"translation-block\">Spa\u00df &amp; Energie: Ein einzigartiges, unvergessliches Erlebnis, das echten Teamgeist st\u00e4rkt<\/li>\n<li class=\"translation-block\">Bew\u00e4hrte Wirkung: F\u00f6rdert Zusammenarbeit, Kreativit\u00e4t und emotionale Verbundenheit im Team<\/li>\n<li class=\"translation-block\">Individuelle Pakete: Von halbt\u00e4gigen Songwriting-Sessions bis hin zu kompletten Studio-Produktionen<\/li>\n<\/ul>\n<p>Seht selbst, wie ein Team Jam Erlebnis aussehen kann:<\/p>\n\n\t\t<\/div>\n\t<\/div>\n\n\t<div class=\"wpb_video_widget wpb_content_element vc_clearfix   vc_custom_1750942061910 vc_video-aspect-ratio-169 vc_video-el-width-100 vc_video-align-left\" >\n\t\t<div class=\"wpb_wrapper\">\n\t\t\t\n\t\t\t<div class=\"wpb_video_wrapper\"><iframe loading=\"lazy\" title=\"Turn over the rock  - Songs for Rights Training October 2023\" width=\"1778\" height=\"1000\" src=\"https:\/\/www.youtube.com\/embed\/U3eNyAdo-FI?feature=oembed\" frameborder=\"0\" allow=\"accelerometer; autoplay; clipboard-write; encrypted-media; gyroscope; picture-in-picture; web-share\" referrerpolicy=\"strict-origin-when-cross-origin\" allowfullscreen><\/iframe><\/div>\n\t\t<\/div>\n\t<\/div>\n<\/div><\/div><\/div><\/div><div class=\"vc_row wpb_row vc_row-fluid\"><div class=\"wpb_column vc_column_container vc_col-sm-3\"><div class=\"vc_column-inner\"><div class=\"wpb_wrapper\"><\/div><\/div><\/div><div class=\"wpb_column vc_column_container vc_col-sm-9\"><div class=\"vc_column-inner\"><div class=\"wpb_wrapper\">\n\t<div class=\"wpb_text_column wpb_content_element\" >\n\t\t<div class=\"wpb_wrapper\">\n\t\t\t<p><strong>Download our presentation (PDF):<\/strong><\/p>\n<p><a href=\"https:\/\/songsforights.org\/wp-content\/uploads\/2025\/07\/TEAM-JAM-Presentation-hell-ENNOPR_compressed.pdf\" target=\"_blank\" rel=\"noopener\">\ud83c\uddec\ud83c\udde7 The Team Jam \u2013 English<\/a><br \/>\n<a href=\"https:\/\/songsforights.org\/wp-content\/uploads\/2025\/07\/TEAM-JAM-Presentation-hell-DENOPR_compressed.pdf\" target=\"_blank\" rel=\"noopener\">\ud83c\udde9\ud83c\uddeaThe Team Jam \u2013 Deutsch<\/a><\/p>\n\n\t\t<\/div>\n\t<\/div>\n\n\t<div class=\"wpb_text_column wpb_content_element\" >\n\t\t<div class=\"wpb_wrapper\">\n\t\t\t<p><em>Wollt ihr wissen, ob The Team Jam zu eurem Team oder eurer Organisation passt?<\/em><\/p>\n<p class=\"translation-block\">Bucht einen kostenlosen Discovery Call \u2013 Wir besprechen eure Bed\u00fcrfnisse, Werte und internen Dynamiken und entwickeln dann ein ma\u00dfgeschneidertes Konzept und Angebot, das zu euren Zielen und eurer Kultur passt.<\/p>\n<p><strong>Kontakt:<\/strong> at: info@songsforrights.org<\/p>\n<p><strong>Follow us<\/strong> on<a href=\"https:\/\/www.instagram.com\/songsforrights\/\"> Instagram<\/a> | <a href=\"https:\/\/www.linkedin.com\/company\/songs-for-rights\/?\">LinkedIn<\/a> | <a href=\"https:\/\/www.youtube.com\/@songsforrights\">YouTube<\/a><\/p>\n\n\t\t<\/div>\n\t<\/div>\n<\/div><\/div><\/div><\/div><div class=\"vc_row wpb_row vc_row-fluid\"><div class=\"wpb_column vc_column_container vc_col-sm-3\"><div class=\"vc_column-inner\"><div class=\"wpb_wrapper\"><\/div><\/div><\/div><div class=\"wpb_column vc_column_container vc_col-sm-3\"><div class=\"vc_column-inner\"><div class=\"wpb_wrapper\"><\/div><\/div><\/div><div class=\"wpb_column vc_column_container vc_col-sm-3\"><div class=\"vc_column-inner\"><div class=\"wpb_wrapper\"><\/div><\/div><\/div><\/div><div class=\"vc_row wpb_row vc_row-fluid\"><div class=\"wpb_column vc_column_container vc_col-sm-12\"><div class=\"vc_column-inner\"><div class=\"wpb_wrapper\"><\/div><\/div><\/div><\/div>","protected":false},"excerpt":{"rendered":"The Team Jam \u2013 Where Teams Find Their Sound Tired of typical team events that feel forgettable by the next day?The Team Jam transforms team-building into something meaningful, creative, and lasting:\u00a0a song that reflects your team\u2019s values, culture, and vision. Whether you work in a\u00a0company, NGO, university, or public institution\u00a0\u2013 The Team Jam is designed&hellip; <br> <a class=\"button small blue\" href=\"https:\/\/songsforights.org\/de\/team-jam\/\">Weiterlesen<\/a>","protected":false},"author":1,"featured_media":0,"parent":0,"menu_order":0,"comment_status":"closed","ping_status":"closed","template":"","meta":{"nf_dc_page":"","footnotes":""},"class_list":["post-4715","page","type-page","status-publish","hentry"],"aioseo_notices":[],"_links":{"self":[{"href":"https:\/\/songsforights.org\/de\/wp-json\/wp\/v2\/pages\/4715","targetHints":{"allow":["GET"]}}],"collection":[{"href":"https:\/\/songsforights.org\/de\/wp-json\/wp\/v2\/pages"}],"about":[{"href":"https:\/\/songsforights.org\/de\/wp-json\/wp\/v2\/types\/page"}],"author":[{"embeddable":true,"href":"https:\/\/songsforights.org\/de\/wp-json\/wp\/v2\/users\/1"}],"replies":[{"embeddable":true,"href":"https:\/\/songsforights.org\/de\/wp-json\/wp\/v2\/comments?post=4715"}],"version-history":[{"count":9,"href":"https:\/\/songsforights.org\/de\/wp-json\/wp\/v2\/pages\/4715\/revisions"}],"predecessor-version":[{"id":4733,"href":"https:\/\/songsforights.org\/de\/wp-json\/wp\/v2\/pages\/4715\/revisions\/4733"}],"wp:attachment":[{"href":"https:\/\/songsforights.org\/de\/wp-json\/wp\/v2\/media?parent=4715"}],"curies":[{"name":"wp","href":"https:\/\/api.w.org\/{rel}","templated":true}]}}