{"id":4106,"date":"2023-07-18T07:07:18","date_gmt":"2023-07-18T07:07:18","guid":{"rendered":"https:\/\/songsforights.org\/?page_id=4106"},"modified":"2023-07-18T07:13:01","modified_gmt":"2023-07-18T07:13:01","slug":"learn","status":"publish","type":"page","link":"https:\/\/songsforights.org\/de\/learn\/","title":{"rendered":"Learn"},"content":{"rendered":"<div class=\"vc_row wpb_row vc_row-fluid\"><div class=\"wpb_column vc_column_container vc_col-sm-12\"><div class=\"vc_column-inner\"><div class=\"wpb_wrapper\">\n\t<div class=\"wpb_text_column wpb_content_element\" >\n\t\t<div class=\"wpb_wrapper\">\n\t\t\t<p style=\"font-weight: 400;\">Willkommen auf der Songs for Rights Online-Lernplattform. In diesem Abschnitt findest du Lernmaterial, das du verwenden kannst, wenn du Songs for Rights Workshops entwickelst und durchf\u00fchrst. Das Material ist in verschiedenen Formaten erh\u00e4ltlich: \u00dcbungen, Video-Tutorials, aufgezeichnete Webinare, Podcasts und mehr.<\/p>\n<p style=\"font-weight: 400;\">Viel Spa\u00df beim Lernen!<\/p>\n\n\t\t<\/div>\n\t<\/div>\n<\/div><\/div><\/div><\/div><div class=\"vc_row wpb_row vc_row-fluid vc_custom_1689664375457\"><div class=\"wpb_column vc_column_container vc_col-sm-12\"><div class=\"vc_column-inner\"><div class=\"wpb_wrapper\"><div class=\"vc_btn3-container vc_btn3-center\" ><a class=\"vc_general vc_btn3 vc_btn3-size-lg vc_btn3-shape-rounded vc_btn3-style-modern vc_btn3-color-primary\" href=\"https:\/\/songsforights.org\/de\/songs-for-rights-learning-section\/\" title=\"Songs for Rights Learning Section\">SONGS FOR RIGHTS LEARNING SECTION<\/a><\/div><\/div><\/div><\/div><\/div>","protected":false},"excerpt":{"rendered":"Welcome to the Songs for Rights Online-Learning platform. In this section, you will find learning material to use when developing and running Songs for Rights workshops. The material is designed in different formats from Exercises, video tutorials, recorded webinars, podcasts, and more. Enjoy the learning! SONGS FOR RIGHTS LEARNING SECTION","protected":false},"author":1,"featured_media":0,"parent":0,"menu_order":0,"comment_status":"closed","ping_status":"closed","template":"","meta":{"nf_dc_page":"","footnotes":""},"class_list":["post-4106","page","type-page","status-publish","hentry"],"aioseo_notices":[],"_links":{"self":[{"href":"https:\/\/songsforights.org\/de\/wp-json\/wp\/v2\/pages\/4106","targetHints":{"allow":["GET"]}}],"collection":[{"href":"https:\/\/songsforights.org\/de\/wp-json\/wp\/v2\/pages"}],"about":[{"href":"https:\/\/songsforights.org\/de\/wp-json\/wp\/v2\/types\/page"}],"author":[{"embeddable":true,"href":"https:\/\/songsforights.org\/de\/wp-json\/wp\/v2\/users\/1"}],"replies":[{"embeddable":true,"href":"https:\/\/songsforights.org\/de\/wp-json\/wp\/v2\/comments?post=4106"}],"version-history":[{"count":3,"href":"https:\/\/songsforights.org\/de\/wp-json\/wp\/v2\/pages\/4106\/revisions"}],"predecessor-version":[{"id":4111,"href":"https:\/\/songsforights.org\/de\/wp-json\/wp\/v2\/pages\/4106\/revisions\/4111"}],"wp:attachment":[{"href":"https:\/\/songsforights.org\/de\/wp-json\/wp\/v2\/media?parent=4106"}],"curies":[{"name":"wp","href":"https:\/\/api.w.org\/{rel}","templated":true}]}}