{"id":3686,"date":"2022-05-24T20:53:29","date_gmt":"2022-05-24T20:53:29","guid":{"rendered":"https:\/\/songsforights.org\/?page_id=3686"},"modified":"2022-07-28T09:29:18","modified_gmt":"2022-07-28T09:29:18","slug":"p-i-j-e-q-principles","status":"publish","type":"page","link":"https:\/\/songsforights.org\/de\/the-sfr-method\/p-i-j-e-q-principles\/","title":{"rendered":"Die PIJEQ Prinzipien\u00a0"},"content":{"rendered":"<div class=\"vc_row wpb_row vc_row-fluid\"><div class=\"wpb_column vc_column_container vc_col-sm-12\"><div class=\"vc_column-inner\"><div class=\"wpb_wrapper\">\n\t<div class=\"wpb_text_column wpb_content_element\" >\n\t\t<div class=\"wpb_wrapper\">\n\t\t\t<p>Ein weiterer wichtiger Bestandteil der Songs for Rights-Methode sind die f\u00fcnf PIJEQ-Prinzipien.\n\nDiese werden f\u00fcr die Konzeption unserer Workshops verwendet, um sie an bestimmte Zielgruppen anzupassen, diese zu begleiten und auszuwerten.<\/p>\n\n\t\t<\/div>\n\t<\/div>\n<div class=\"vc_row wpb_row vc_inner vc_row-fluid\"><div class=\"wpb_column vc_column_container vc_col-sm-12\"><div class=\"vc_column-inner\"><div class=\"wpb_wrapper\">\n\t<div  class=\"wpb_single_image wpb_content_element vc_align_left\">\n\t\t\n\t\t<figure class=\"wpb_wrapper vc_figure\">\n\t\t\t<div class=\"vc_single_image-wrapper   vc_box_border_grey\"><img loading=\"lazy\" decoding=\"async\" width=\"1200\" height=\"683\" src=\"https:\/\/songsforights.org\/wp-content\/uploads\/2022\/07\/Screenshot-2022-07-28-at-11.23.00-1200x683.png\" class=\"vc_single_image-img attachment-large\" alt=\"\" srcset=\"https:\/\/songsforights.org\/wp-content\/uploads\/2022\/07\/Screenshot-2022-07-28-at-11.23.00-1200x683.png 1200w, https:\/\/songsforights.org\/wp-content\/uploads\/2022\/07\/Screenshot-2022-07-28-at-11.23.00-480x273.png 480w, https:\/\/songsforights.org\/wp-content\/uploads\/2022\/07\/Screenshot-2022-07-28-at-11.23.00-768x437.png 768w, https:\/\/songsforights.org\/wp-content\/uploads\/2022\/07\/Screenshot-2022-07-28-at-11.23.00-18x10.png 18w, https:\/\/songsforights.org\/wp-content\/uploads\/2022\/07\/Screenshot-2022-07-28-at-11.23.00-1024x583.png 1024w, https:\/\/songsforights.org\/wp-content\/uploads\/2022\/07\/Screenshot-2022-07-28-at-11.23.00.png 1370w\" sizes=\"auto, (max-width: 1200px) 100vw, 1200px\" \/><\/div>\n\t\t<\/figure>\n\t<\/div>\n<\/div><\/div><\/div><\/div><\/div><\/div><\/div><\/div><div class=\"vc_row wpb_row vc_row-fluid\"><div class=\"wpb_column vc_column_container vc_col-sm-12\"><div class=\"vc_column-inner\"><div class=\"wpb_wrapper\">\n\t<div class=\"wpb_text_column wpb_content_element\" >\n\t\t<div class=\"wpb_wrapper\">\n\t\t\t<p><strong>P \u2013 PARTIZIPATION\u00a0<\/strong>(freiwillige, sichere, gerechte, inklusive und kollektive Beteiligung an Entscheidungen, Prozessen, Lernen und Ergebnissen)<\/p>\n<p><strong>I \u2013 INSPIRATION\u00a0<\/strong>(F\u00f6rderung der Kreativit\u00e4t und Anregung der Teilnehmer*innen zur eigenen Kreativit\u00e4t)<\/p>\n<p><strong>J \u2013 JOY\u00a0<\/strong>(Freude und Spa\u00df)<\/p>\n<p><strong>E \u2013 EMPOWERMENT\u00a0<\/strong>(F\u00f6rderung von Lernen und Wachstum: pers\u00f6nliches Wachstum, F\u00e4higkeiten, Kapazit\u00e4ten und Vertrauen)<\/p>\n<p><strong>Q \u2013 QUALIT\u00c4T\u00a0<\/strong>(von Prozessen und Ergebnissen: Bereitstellung von Inhalten, Unterst\u00fctzung der Teilnehmenden und des Lernens, musikalische und k\u00fcnstlerische Produkte (Songs und Videos))<\/p>\n\n\t\t<\/div>\n\t<\/div>\n<\/div><\/div><\/div><\/div>","protected":false},"excerpt":{"rendered":"A key part of the Songs for Rights Methodology are the five key principles (PIJEQ). These are used to design our workshops in order to adapt them to specific target groups, monitor, and evaluate them: P \u2013 PARTICIPATION\u00a0(voluntary, safe, equal, inclusive, and collective participation in decisions, processes, learning, and outcomes) I \u2013 INSPIRATION\u00a0(foster creativity and&hellip; <br> <a class=\"button small blue\" href=\"https:\/\/songsforights.org\/de\/the-sfr-method\/p-i-j-e-q-principles\/\">Weiterlesen<\/a>","protected":false},"author":2,"featured_media":0,"parent":3348,"menu_order":0,"comment_status":"closed","ping_status":"closed","template":"","meta":{"nf_dc_page":"","footnotes":""},"class_list":["post-3686","page","type-page","status-publish","hentry"],"aioseo_notices":[],"_links":{"self":[{"href":"https:\/\/songsforights.org\/de\/wp-json\/wp\/v2\/pages\/3686","targetHints":{"allow":["GET"]}}],"collection":[{"href":"https:\/\/songsforights.org\/de\/wp-json\/wp\/v2\/pages"}],"about":[{"href":"https:\/\/songsforights.org\/de\/wp-json\/wp\/v2\/types\/page"}],"author":[{"embeddable":true,"href":"https:\/\/songsforights.org\/de\/wp-json\/wp\/v2\/users\/2"}],"replies":[{"embeddable":true,"href":"https:\/\/songsforights.org\/de\/wp-json\/wp\/v2\/comments?post=3686"}],"version-history":[{"count":8,"href":"https:\/\/songsforights.org\/de\/wp-json\/wp\/v2\/pages\/3686\/revisions"}],"predecessor-version":[{"id":3766,"href":"https:\/\/songsforights.org\/de\/wp-json\/wp\/v2\/pages\/3686\/revisions\/3766"}],"up":[{"embeddable":true,"href":"https:\/\/songsforights.org\/de\/wp-json\/wp\/v2\/pages\/3348"}],"wp:attachment":[{"href":"https:\/\/songsforights.org\/de\/wp-json\/wp\/v2\/media?parent=3686"}],"curies":[{"name":"wp","href":"https:\/\/api.w.org\/{rel}","templated":true}]}}