{"id":3373,"date":"2021-06-03T06:34:02","date_gmt":"2021-06-03T06:34:02","guid":{"rendered":"https:\/\/songsforights.org\/?page_id=3373"},"modified":"2026-01-13T05:56:58","modified_gmt":"2026-01-13T05:56:58","slug":"donate","status":"publish","type":"page","link":"https:\/\/songsforights.org\/de\/get-involved\/donate\/","title":{"rendered":"Spenden"},"content":{"rendered":"<div class=\"vc_row wpb_row vc_row-fluid\"><div class=\"wpb_column vc_column_container vc_col-sm-12\"><div class=\"vc_column-inner\"><div class=\"wpb_wrapper\"><div class=\"vc_empty_space\"   style=\"height: 32px\"><span class=\"vc_empty_space_inner\"><\/span><\/div>\n\t<div class=\"wpb_text_column wpb_content_element\" >\n\t\t<div class=\"wpb_wrapper\">\n\t\t\t<p>Wir nutzen Musik, um Differenzen zu \u00fcberwinden, Gemeinschaften zu verbinden und Menschenrechtsprinzipien zu verbreiten.<\/p>\n<p>Mit deiner Spende hilfst du uns, unsere Projekte weiterzuf\u00fchren und dadurch mehr junge F\u00fchrungskr\u00e4fte f\u00fcr die Menschenrechte und den positiven Wandel, den wir in dieser Welt erreichen wollen, aufzubauen.<\/p>\n<p><strong>Vielen Dank f\u00fcr deine Unterst\u00fctzung!<\/strong><\/p>\n<p style=\"font-weight: 400;\"><strong>SozialBank<\/strong><\/p>\n<p style=\"font-weight: 400;\">Internationale Akademie Berlin \u00a0gGmbH (INA) \/ \u00a0IYCE<br \/>\nICE Konto 3134222<\/p>\n<p style=\"font-weight: 400;\">IBAN: DE42 3702 0500 0003 1342 22<br \/>\nSWIFT Code: BFSWDE33BER<\/p>\n<p><strong>BETREFF: Songs for Rights<\/strong><\/p>\n\n\t\t<\/div>\n\t<\/div>\n<\/div><\/div><\/div><\/div>","protected":false},"excerpt":{"rendered":"We use music to overcome differences, connect communities and spread human rights principles. If you're interested in contributing to our work, you can do so with the below details. With your donation, you will directly impact our projects' participants to build capacity, skills and proactive attitudes around human rights, using music as a main tool&hellip; <br> <a class=\"button small blue\" href=\"https:\/\/songsforights.org\/de\/get-involved\/donate\/\">Weiterlesen<\/a>","protected":false},"author":1,"featured_media":0,"parent":3441,"menu_order":0,"comment_status":"closed","ping_status":"closed","template":"","meta":{"nf_dc_page":"","footnotes":""},"class_list":["post-3373","page","type-page","status-publish","hentry"],"aioseo_notices":[],"_links":{"self":[{"href":"https:\/\/songsforights.org\/de\/wp-json\/wp\/v2\/pages\/3373","targetHints":{"allow":["GET"]}}],"collection":[{"href":"https:\/\/songsforights.org\/de\/wp-json\/wp\/v2\/pages"}],"about":[{"href":"https:\/\/songsforights.org\/de\/wp-json\/wp\/v2\/types\/page"}],"author":[{"embeddable":true,"href":"https:\/\/songsforights.org\/de\/wp-json\/wp\/v2\/users\/1"}],"replies":[{"embeddable":true,"href":"https:\/\/songsforights.org\/de\/wp-json\/wp\/v2\/comments?post=3373"}],"version-history":[{"count":10,"href":"https:\/\/songsforights.org\/de\/wp-json\/wp\/v2\/pages\/3373\/revisions"}],"predecessor-version":[{"id":4781,"href":"https:\/\/songsforights.org\/de\/wp-json\/wp\/v2\/pages\/3373\/revisions\/4781"}],"up":[{"embeddable":true,"href":"https:\/\/songsforights.org\/de\/wp-json\/wp\/v2\/pages\/3441"}],"wp:attachment":[{"href":"https:\/\/songsforights.org\/de\/wp-json\/wp\/v2\/media?parent=3373"}],"curies":[{"name":"wp","href":"https:\/\/api.w.org\/{rel}","templated":true}]}}