{"id":3366,"date":"2021-06-03T06:32:49","date_gmt":"2021-06-03T06:32:49","guid":{"rendered":"https:\/\/songsforights.org\/?page_id=3366"},"modified":"2022-05-24T21:32:38","modified_gmt":"2022-05-24T21:32:38","slug":"advocacy","status":"publish","type":"page","link":"https:\/\/songsforights.org\/de\/our-work\/advocacy\/","title":{"rendered":"Advocacy"},"content":{"rendered":"<div class=\"vc_row wpb_row vc_row-fluid\"><div class=\"wpb_column vc_column_container vc_col-sm-12\"><div class=\"vc_column-inner\"><div class=\"wpb_wrapper\"><div class=\"vc_empty_space\"   style=\"height: 32px\"><span class=\"vc_empty_space_inner\"><\/span><\/div>\n\t<div class=\"wpb_text_column wpb_content_element\" >\n\t\t<div class=\"wpb_wrapper\">\n\t\t\t<p>Songs for Rights setzt Musik als Instrument ein, um f\u00fcr b\u00fcrgerschaftliches Engagement und Partizipation zu werben und gleichzeitig alle Menschen, insbesondere junge Menschen, zu bef\u00e4higen, sich aktiv am Menschenrechtsdiskurs zu beteiligen.<\/p>\n<p>Advocacy-Arbeit bedeutet f\u00fcr uns, eine breite und direkte Beteiligung am Dialog und Aktivismus f\u00fcr die Menschenrechte zu fordern und zu f\u00f6rdern. Wie in unserer Mission beschrieben, setzen wir Musik als Mittel ein, um Ideen an andere Menschen, Gemeinschaften und die Welt heranzutragen, um sozialen Wandel, Empowerment, (k\u00fcnstlerischen) Ausdruck und Verbindung zwischen Menschen und Gemeinschaften zu f\u00f6rdern.<\/p>\n<p>Durch unsere Workshops, Schulungen, Kommunikationsnetzwerke und unsere Songs for Rights wollen wir Einzelpersonen, Gemeinschaften, Institutionen und Regierungen auf lokaler, nationaler und internationaler Ebene sensibilisieren und motivieren, die Grunds\u00e4tze und Werte der Menschenrechte zu leben und danach zu handeln.<\/p>\n\n\t\t<\/div>\n\t<\/div>\n<\/div><\/div><\/div><\/div>","protected":false},"excerpt":{"rendered":"Songs for Rights uses music as a tool to advocate for civic engagement and participation, while empowering all people, and especially young people, to become active participants in human rights advocacy and promotion. For us advocacy work means demanding and promoting widespread and direct participation in dialogue and activism for human rights. As our Mission&hellip; <br> <a class=\"button small blue\" href=\"https:\/\/songsforights.org\/de\/our-work\/advocacy\/\">Weiterlesen<\/a>","protected":false},"author":1,"featured_media":0,"parent":3352,"menu_order":4,"comment_status":"closed","ping_status":"closed","template":"","meta":{"nf_dc_page":"","footnotes":""},"class_list":["post-3366","page","type-page","status-publish","hentry"],"aioseo_notices":[],"_links":{"self":[{"href":"https:\/\/songsforights.org\/de\/wp-json\/wp\/v2\/pages\/3366","targetHints":{"allow":["GET"]}}],"collection":[{"href":"https:\/\/songsforights.org\/de\/wp-json\/wp\/v2\/pages"}],"about":[{"href":"https:\/\/songsforights.org\/de\/wp-json\/wp\/v2\/types\/page"}],"author":[{"embeddable":true,"href":"https:\/\/songsforights.org\/de\/wp-json\/wp\/v2\/users\/1"}],"replies":[{"embeddable":true,"href":"https:\/\/songsforights.org\/de\/wp-json\/wp\/v2\/comments?post=3366"}],"version-history":[{"count":6,"href":"https:\/\/songsforights.org\/de\/wp-json\/wp\/v2\/pages\/3366\/revisions"}],"predecessor-version":[{"id":3699,"href":"https:\/\/songsforights.org\/de\/wp-json\/wp\/v2\/pages\/3366\/revisions\/3699"}],"up":[{"embeddable":true,"href":"https:\/\/songsforights.org\/de\/wp-json\/wp\/v2\/pages\/3352"}],"wp:attachment":[{"href":"https:\/\/songsforights.org\/de\/wp-json\/wp\/v2\/media?parent=3366"}],"curies":[{"name":"wp","href":"https:\/\/api.w.org\/{rel}","templated":true}]}}