{"id":3362,"date":"2021-06-03T06:32:06","date_gmt":"2021-06-03T06:32:06","guid":{"rendered":"https:\/\/songsforights.org\/?page_id=3362"},"modified":"2025-03-06T15:46:45","modified_gmt":"2025-03-06T15:46:45","slug":"trainings","status":"publish","type":"page","link":"https:\/\/songsforights.org\/de\/our-work\/trainings\/","title":{"rendered":"Schulungen"},"content":{"rendered":"<div class=\"vc_row wpb_row vc_row-fluid\"><div class=\"wpb_column vc_column_container vc_col-sm-12\"><div class=\"vc_column-inner\"><div class=\"wpb_wrapper\"><div class=\"vc_empty_space\"   style=\"height: 32px\"><span class=\"vc_empty_space_inner\"><\/span><\/div>\n\t<div class=\"wpb_text_column wpb_content_element\" >\n\t\t<div class=\"wpb_wrapper\">\n\t\t\t<p data-start=\"67\" data-end=\"262\" class=\"translation-block\">Bei Songs for Rights bieten wir Programme f\u00fcr Trainer an, die darauf abzielen, P\u00e4dagogen, Jugendbetreuer, Sozialarbeiter und Musiker zu bef\u00e4higen, ihre eigenen Songs for Rights Workshops zu leiten.<\/p>\n<p data-start=\"264\" data-end=\"601\" class=\"translation-block\">Durch diese Schulungen erwerben die Teilnehmer die F\u00e4higkeiten, Methoden, Werkzeuge und Materialien, die sie ben\u00f6tigen, um lokale Songs for Rights-Projekte zu starten \u2013 Musik als kraftvolles Werkzeug zur Menschenrechtsbildung zu nutzen. Mit fachkundiger Anleitung und praktischer Erfahrung sind sie nach dem Training voll ausgestattet, um durch die transformative Kraft der Musik zu inspirieren und zu bilden.<\/p>\n<p style=\"text-align: left;\"><span style=\"font-weight: 400;\">Weitere Informationen zu unseren Programmen findest du auf den Seiten f\u00fcr vergangene und kommende Schulungen oder kontaktiere uns unter \u00a0<\/span><a href=\"mailto:info@songsforights.org\"><span style=\"font-weight: 400;\">info@songsforights.org<\/span><\/a><\/p>\n<p>\u00a0<\/p>\n\n\t\t<\/div>\n\t<\/div>\n<\/div><\/div><\/div><\/div><div class=\"vc_row wpb_row vc_row-fluid\"><div class=\"wpb_column vc_column_container vc_col-sm-6\"><div class=\"vc_column-inner\"><div class=\"wpb_wrapper\">\n\t<div  class=\"wpb_single_image wpb_content_element vc_align_center\">\n\t\t\n\t\t<figure class=\"wpb_wrapper vc_figure\">\n\t\t\t<a href=\"https:\/\/songsforights.org\/de\/our-work\/trainings\/previous-trainings\/\" target=\"_self\" class=\"vc_single_image-wrapper   vc_box_border_grey\"><img loading=\"lazy\" decoding=\"async\" width=\"384\" height=\"480\" src=\"https:\/\/songsforights.org\/wp-content\/uploads\/2025\/03\/16-384x480.png\" class=\"vc_single_image-img attachment-medium\" alt=\"\" srcset=\"https:\/\/songsforights.org\/wp-content\/uploads\/2025\/03\/16-384x480.png 384w, https:\/\/songsforights.org\/wp-content\/uploads\/2025\/03\/16-960x1200.png 960w, https:\/\/songsforights.org\/wp-content\/uploads\/2025\/03\/16-768x960.png 768w, https:\/\/songsforights.org\/wp-content\/uploads\/2025\/03\/16-10x12.png 10w, https:\/\/songsforights.org\/wp-content\/uploads\/2025\/03\/16-1024x1280.png 1024w, https:\/\/songsforights.org\/wp-content\/uploads\/2025\/03\/16-864x1080.png 864w, https:\/\/songsforights.org\/wp-content\/uploads\/2025\/03\/16.png 1080w\" sizes=\"auto, (max-width: 384px) 100vw, 384px\" \/><\/a>\n\t\t<\/figure>\n\t<\/div>\n<\/div><\/div><\/div><div class=\"wpb_column vc_column_container vc_col-sm-6\"><div class=\"vc_column-inner\"><div class=\"wpb_wrapper\">\n\t<div  class=\"wpb_single_image wpb_content_element vc_align_center\">\n\t\t\n\t\t<figure class=\"wpb_wrapper vc_figure\">\n\t\t\t<div class=\"vc_single_image-wrapper   vc_box_border_grey\"><img loading=\"lazy\" decoding=\"async\" width=\"384\" height=\"480\" src=\"https:\/\/songsforights.org\/wp-content\/uploads\/2025\/03\/17-384x480.png\" class=\"vc_single_image-img attachment-medium\" alt=\"\" srcset=\"https:\/\/songsforights.org\/wp-content\/uploads\/2025\/03\/17-384x480.png 384w, https:\/\/songsforights.org\/wp-content\/uploads\/2025\/03\/17-960x1200.png 960w, https:\/\/songsforights.org\/wp-content\/uploads\/2025\/03\/17-768x960.png 768w, https:\/\/songsforights.org\/wp-content\/uploads\/2025\/03\/17-10x12.png 10w, https:\/\/songsforights.org\/wp-content\/uploads\/2025\/03\/17-1024x1280.png 1024w, https:\/\/songsforights.org\/wp-content\/uploads\/2025\/03\/17-864x1080.png 864w, https:\/\/songsforights.org\/wp-content\/uploads\/2025\/03\/17.png 1080w\" sizes=\"auto, (max-width: 384px) 100vw, 384px\" \/><\/div>\n\t\t<\/figure>\n\t<\/div>\n<\/div><\/div><\/div><\/div>","protected":false},"excerpt":{"rendered":"At Songs for Rights, we offer Training for Trainers programs designed to empower educators, youth workers, social workers, and musicians to lead their own Songs for Rights workshops. Through these trainings, participants gain the skills, methods, tools, and materials needed to launch local Songs for Rightsprojects\u2014using music as a powerful tool for human rights education.&hellip; <br> <a class=\"button small blue\" href=\"https:\/\/songsforights.org\/de\/our-work\/trainings\/\">Weiterlesen<\/a>","protected":false},"author":1,"featured_media":0,"parent":3352,"menu_order":3,"comment_status":"closed","ping_status":"closed","template":"","meta":{"nf_dc_page":"","footnotes":""},"class_list":["post-3362","page","type-page","status-publish","hentry"],"aioseo_notices":[],"_links":{"self":[{"href":"https:\/\/songsforights.org\/de\/wp-json\/wp\/v2\/pages\/3362","targetHints":{"allow":["GET"]}}],"collection":[{"href":"https:\/\/songsforights.org\/de\/wp-json\/wp\/v2\/pages"}],"about":[{"href":"https:\/\/songsforights.org\/de\/wp-json\/wp\/v2\/types\/page"}],"author":[{"embeddable":true,"href":"https:\/\/songsforights.org\/de\/wp-json\/wp\/v2\/users\/1"}],"replies":[{"embeddable":true,"href":"https:\/\/songsforights.org\/de\/wp-json\/wp\/v2\/comments?post=3362"}],"version-history":[{"count":10,"href":"https:\/\/songsforights.org\/de\/wp-json\/wp\/v2\/pages\/3362\/revisions"}],"predecessor-version":[{"id":4630,"href":"https:\/\/songsforights.org\/de\/wp-json\/wp\/v2\/pages\/3362\/revisions\/4630"}],"up":[{"embeddable":true,"href":"https:\/\/songsforights.org\/de\/wp-json\/wp\/v2\/pages\/3352"}],"wp:attachment":[{"href":"https:\/\/songsforights.org\/de\/wp-json\/wp\/v2\/media?parent=3362"}],"curies":[{"name":"wp","href":"https:\/\/api.w.org\/{rel}","templated":true}]}}