{"id":3340,"date":"2021-06-03T06:28:11","date_gmt":"2021-06-03T06:28:11","guid":{"rendered":"https:\/\/songsforights.org\/?page_id=3340"},"modified":"2025-04-24T11:57:53","modified_gmt":"2025-04-24T11:57:53","slug":"mission-vision","status":"publish","type":"page","link":"https:\/\/songsforights.org\/de\/about-us-2\/mission-vision\/","title":{"rendered":"Leitbild und Werte"},"content":{"rendered":"<div class=\"vc_row wpb_row vc_row-fluid\"><div class=\"wpb_column vc_column_container vc_col-sm-12\"><div class=\"vc_column-inner\"><div class=\"wpb_wrapper\"><div class=\"vc_empty_space\"   style=\"height: 32px\"><span class=\"vc_empty_space_inner\"><\/span><\/div><\/div><\/div><\/div><\/div><div class=\"vc_row wpb_row vc_row-fluid\"><div class=\"wpb_column vc_column_container vc_col-sm-2\"><div class=\"vc_column-inner\"><div class=\"wpb_wrapper\"><\/div><\/div><\/div><div class=\"wpb_column vc_column_container vc_col-sm-8\"><div class=\"vc_column-inner\"><div class=\"wpb_wrapper\">\n\t<div class=\"wpb_text_column wpb_content_element\" >\n\t\t<div class=\"wpb_wrapper\">\n\t\t\t<h4 style=\"text-align: center;\"><b>Leitbild<\/b><\/h4>\n<p style=\"text-align: left;\">Eine Welt, in der sich alle Menschen ihrer (Menschen-)Rechte bewusst sind, in der sie in W\u00fcrde, Freiheit, Gleichheit und Einheit leben und in der Kinder ihre Rechte auf \u00dcberleben, Schutz, Entwicklung und Teilhabe wahrnehmen k\u00f6nnen.<\/p>\n<h4 style=\"text-align: center;\"><b>Mission<\/b><\/h4>\n<p style=\"text-align: left;\">Unsere Mission ist es, Musik als Instrument f\u00fcr Menschenrechtsbildung zu nutzen um Empowerment, sozialen Wandel, Frieden, (k\u00fcnstlerischen) Ausdruck, Verbindung zwischen Menschen und Gemeinschaften und die F\u00f6rderung von Menschenrechten in der Gesellschaft zu f\u00f6rdern.<\/p>\n<h4 style=\"text-align: center;\"><strong>Werte<\/strong><\/h4>\n<p style=\"text-align: left;\">Wir sind eine werteorientierte Organisation und daher sind die folgenden Aspekte wichtige und zentrale Bestandteile unsere Arbeitsweise:<\/p>\n<ul>\n<li style=\"text-align: left;\">Solidarit\u00e4t<\/li>\n<li style=\"text-align: left;\">Gleichberechtigung<\/li>\n<li style=\"text-align: left;\">Gerechtigkeit<\/li>\n<li style=\"text-align: left;\">Gesellschaftliche Teilhabe<\/li>\n<li style=\"text-align: left;\">Kollaboration<\/li>\n<li style=\"text-align: left;\">Freude &amp; Spa\u00df<\/li>\n<li style=\"text-align: left;\">Nachhaltigkeit<\/li>\n<\/ul>\n\n\t\t<\/div>\n\t<\/div>\n\n\t<div class=\"wpb_text_column wpb_content_element\" >\n\t\t<div class=\"wpb_wrapper\">\n\t\t\t<p>At<span class=\"apple-converted-space\">\u00a0<\/span><em>Songs for Rights<\/em>, we are committed to creating safe, inclusive, and environmentally responsible spaces where music becomes a powerful tool for social change. Our<span class=\"apple-converted-space\">\u00a0<\/span><strong>Sustainable Event Concept<\/strong><span class=\"apple-converted-space\">\u00a0<\/span>ensures that all our activities\u2014from workshops to performances\u2014minimize environmental impact while promoting climate-conscious creativity. Equally, our<span class=\"apple-converted-space\">\u00a0<\/span><strong>Child Protection Concept<\/strong><span class=\"apple-converted-space\">\u00a0<\/span>guarantees that every young person involved in our events is respected, supported, and safeguarded, in line with international child rights standards. Together, these frameworks reflect our core values of care, responsibility, and justice.<\/p>\n<p>Read more about our <a href=\"https:\/\/songsforights.org\/wp-content\/uploads\/2025\/04\/2022_YEPP-EUROPESfR_SustainableEventConcept.pdf\">Sustainable Event Concept<\/a> and our <a href=\"https:\/\/songsforights.org\/wp-content\/uploads\/2025\/04\/Child-Protection-Concept.pdf\">Child Protection Concept<\/a>.<\/p>\n\n\t\t<\/div>\n\t<\/div>\n\n\t<div class=\"wpb_text_column wpb_content_element\" >\n\t\t<div class=\"wpb_wrapper\">\n\t\t\t<h4 style=\"text-align: center;\"><strong>Warum Songs for Rights?<\/strong><\/h4>\n<p style=\"text-align: left;\">Wir k\u00f6nnen uns nur f\u00fcr die Menschenrechte einsetzen, wenn wir auch in der Lage sind diese zu erkennen, zu benennen und zu verstehen.<\/p>\n<p style=\"text-align: left;\">Menschenrechtsbildung konzentriert sich auf den aktiven Erwerb von Wissen, Einstellungen und F\u00e4higkeiten \u00fcber die Inhalte und Instrumente der Menschenrechte. Sie unterst\u00fctzt die Menschen dabei, ein Bewusstsein f\u00fcr ihre eigenen Rechte und die Rechte anderer zu entwickeln und die F\u00e4higkeiten zu erwerben, die Menschenrechte in ihrem eigenen Umfeld umzusetzen. Menschenrechtsbildung ist daher eine Voraussetzung f\u00fcr die Verwirklichung von Menschenrechten.<\/p>\n<p style=\"text-align: left;\">Menschenrechtsbildung wirkt auf eine Gesellschaft hin, in der die W\u00fcrde und die Menschenrechte aller Menschen geachtet und gesch\u00fctzt werden.<\/p>\n<p style=\"text-align: left;\">Sie sollte daher \u00fcber eine reine Diskussion von Menschenrechtsdokumenten und Abkommen hinausgehen und sich weitergreifend mit der Reflexion und Thematisierung von Haltungen und Handlungen auseinandersetzen. Es geht darum, bestehendes Unrecht und Ungleichheiten in Frage zu stellen und auf konkrete Ver\u00e4nderungen hinzuarbeiten, um k\u00fcnftiges Leid zu verhindern.<\/p>\n<p style=\"text-align: left;\">Der gezielte Einsatz von Musik schafft eine emotionale Anregung und nachhaltige Verinnerlichung und bietet gleichzeitig eine Ausdrucksform sich mit den Menschenrechten intensiv auseinanderzusetzen. Die produzierten Songs, Videoclips und Veranstaltungen dienen dann in einem n\u00e4chsten Schritt als Sprachrohr f\u00fcr die F\u00f6rderung, Verbreitung und Einhaltung der Menschenrechte in der Welt.<\/p>\n<p style=\"text-align: left;\">Die menschenrechtlichen Prinzipien der Nicht-Diskriminierung, Inklusion, Partizipation und Transparenz sind Grundpfeiler des Songs for Rights-Ansatzes. Um das Prinzip der Partizipation umsetzen zu k\u00f6nnen und den Teilnehmer*innen die M\u00f6glichkeit zu geben, Einfluss auf die Gestaltung des Lernprozesses zu nehmen, arbeiten wir bewusst mit flexiblen und inklusiven Methoden. Diese erm\u00f6glichen den Teilnehmer*innen inhaltliche und methodische Entscheidungsspielr\u00e4ume, Mitspracherecht und Ankn\u00fcpfungspunkte an ihre eigene pers\u00f6nliche Lebenswelt.<\/p>\n\n\t\t<\/div>\n\t<\/div>\n<\/div><\/div><\/div><div class=\"wpb_column vc_column_container vc_col-sm-2\"><div class=\"vc_column-inner\"><div class=\"wpb_wrapper\"><\/div><\/div><\/div><\/div><div class=\"vc_row wpb_row vc_row-fluid\"><div class=\"wpb_column vc_column_container vc_col-sm-12\"><div class=\"vc_column-inner\"><div class=\"wpb_wrapper\"><\/div><\/div><\/div><\/div>","protected":false},"excerpt":{"rendered":"Vision A world where all people are aware of their (human) rights, where they live in dignity, liberty, equality and\u00a0unity, and where children attain their rights to survival, protection, development, and participation. Mission To use music as a tool for human rights education, empowerment, social change, peace, (artistic) expression, connection between people and communities, and&hellip; <br> <a class=\"button small blue\" href=\"https:\/\/songsforights.org\/de\/about-us-2\/mission-vision\/\">Weiterlesen<\/a>","protected":false},"author":1,"featured_media":3314,"parent":3323,"menu_order":3,"comment_status":"closed","ping_status":"closed","template":"","meta":{"nf_dc_page":"","footnotes":""},"class_list":["post-3340","page","type-page","status-publish","has-post-thumbnail","hentry"],"aioseo_notices":[],"_links":{"self":[{"href":"https:\/\/songsforights.org\/de\/wp-json\/wp\/v2\/pages\/3340","targetHints":{"allow":["GET"]}}],"collection":[{"href":"https:\/\/songsforights.org\/de\/wp-json\/wp\/v2\/pages"}],"about":[{"href":"https:\/\/songsforights.org\/de\/wp-json\/wp\/v2\/types\/page"}],"author":[{"embeddable":true,"href":"https:\/\/songsforights.org\/de\/wp-json\/wp\/v2\/users\/1"}],"replies":[{"embeddable":true,"href":"https:\/\/songsforights.org\/de\/wp-json\/wp\/v2\/comments?post=3340"}],"version-history":[{"count":7,"href":"https:\/\/songsforights.org\/de\/wp-json\/wp\/v2\/pages\/3340\/revisions"}],"predecessor-version":[{"id":4638,"href":"https:\/\/songsforights.org\/de\/wp-json\/wp\/v2\/pages\/3340\/revisions\/4638"}],"up":[{"embeddable":true,"href":"https:\/\/songsforights.org\/de\/wp-json\/wp\/v2\/pages\/3323"}],"wp:featuredmedia":[{"embeddable":true,"href":"https:\/\/songsforights.org\/de\/wp-json\/wp\/v2\/media\/3314"}],"wp:attachment":[{"href":"https:\/\/songsforights.org\/de\/wp-json\/wp\/v2\/media?parent=3340"}],"curies":[{"name":"wp","href":"https:\/\/api.w.org\/{rel}","templated":true}]}}